{"id":17220,"date":"2025-01-31T13:54:13","date_gmt":"2025-01-31T11:54:13","guid":{"rendered":"https:\/\/kordon.app\/?page_id=17220"},"modified":"2026-02-24T15:15:59","modified_gmt":"2026-02-24T13:15:59","slug":"partnerlusprogramm","status":"publish","type":"page","link":"https:\/\/kordon.app\/et\/partnerships\/","title":{"rendered":"Partnerid"},"content":{"rendered":"<div data-elementor-type=\"wp-post\" data-elementor-id=\"17220\" class=\"elementor elementor-17220\">\n\t\t\t\t\t\t<section class=\"elementor-section elementor-top-section elementor-element elementor-element-d8f956f elementor-section-full_width elementor-section-height-default elementor-section-height-default\" data-id=\"d8f956f\" data-element_type=\"section\" data-e-type=\"section\" data-settings=\"{&quot;background_background&quot;:&quot;gradient&quot;}\">\n\t\t\t\t\t\t<div class=\"elementor-container elementor-column-gap-no\">\n\t\t\t\t\t<div class=\"elementor-column elementor-col-100 elementor-top-column elementor-element elementor-element-1392b070\" data-id=\"1392b070\" data-element_type=\"column\" data-e-type=\"column\">\n\t\t\t<div class=\"elementor-widget-wrap elementor-element-populated\">\n\t\t\t\t\t\t<div class=\"elementor-element elementor-element-100dfd47 elementor-widget elementor-widget-heading\" data-id=\"100dfd47\" data-element_type=\"widget\" data-e-type=\"widget\" data-widget_type=\"heading.default\">\n\t\t\t\t<div class=\"elementor-widget-container\">\n\t\t\t\t\t<h1 class=\"elementor-heading-title elementor-size-default\">Kasvatage Kordoni partnerina oma \u00e4ri<\/h1>\t\t\t\t<\/div>\n\t\t\t\t<\/div>\n\t\t\t\t<div class=\"elementor-element elementor-element-a6e8a17 elementor-widget elementor-widget-heading\" data-id=\"a6e8a17\" data-element_type=\"widget\" data-e-type=\"widget\" data-widget_type=\"heading.default\">\n\t\t\t\t<div class=\"elementor-widget-container\">\n\t\t\t\t\t<h2 class=\"elementor-heading-title elementor-size-default\">Teeme r\u00f5\u00f5muga koost\u00f6\u00f6d meile sarnase m\u00f5tteviisiga ettev\u00f5tetega. Kordoni partnerina \u2013 teie edu on meie edu.<\/h2>\t\t\t\t<\/div>\n\t\t\t\t<\/div>\n\t\t\t\t\t<\/div>\n\t\t<\/div>\n\t\t\t\t\t<\/div>\n\t\t<\/section>\n\t\t<div class=\"elementor-element elementor-element-7d89bee e-con-full e-flex e-con e-parent\" data-id=\"7d89bee\" data-element_type=\"container\" data-e-type=\"container\">\n\t\t\t\t<div class=\"elementor-element elementor-element-894c2c5 elementor-widget elementor-widget-saasland_main_features\" data-id=\"894c2c5\" data-element_type=\"widget\" data-e-type=\"widget\" data-settings=\"{&quot;_animation&quot;:&quot;none&quot;}\" data-widget_type=\"saasland_main_features.default\">\n\t\t\t\t<div class=\"elementor-widget-container\">\n\t\t\t\t\t<section class=\"software_featured_area\">\r\n    <div class=\"container\">\r\n                <h2 class=\"f_600 f_size_30 t_color3 text-center l_height40 mb_70 wow fadeInUp\" data-wow-delay=\"0.3s\">\r\n        Mida Kordoni partnerlusprogramm pakub?    <\/h2>\r\n            <div class=\"row software_featured_info\">\r\n                <div class=\"col-lg-4 col-sm-6 wow fadeInUp\" data-wow-delay=\"0.3s\">\r\n            <div class=\"software_featured_item text-center mb_20 elementor-repeater-item-a3ef698\">\r\n                <div class=\"s_icon\">\r\n                                            <img decoding=\"async\" src=\"https:\/\/saaslandwp.net\/wp-content\/uploads\/2019\/10\/icon_shape-1.png\" alt=\"\u00c4ri kasvatamine\">\r\n                                                                <img decoding=\"async\" class=\"icon\" src=\"https:\/\/kordon.app\/wp-content\/uploads\/2025\/02\/growth-40-40.svg\" alt=\"\u00c4ri kasvatamine\">\r\n                                    <\/div>\r\n                                <h5 class=\"f_600 t_color3\">\u00c4ri kasvatamine<\/h5>\r\n                                        <p class=\"f_size_15 mb-30\"> Kordoni partnerina teenite kuni 40% kliendi lepingu mahust. <\/p>\r\n                                <\/div>\r\n    <\/div>\r\n        <div class=\"col-lg-4 col-sm-6 wow fadeInUp\" data-wow-delay=\"0.5s\">\r\n            <div class=\"software_featured_item text-center mb_20 elementor-repeater-item-848ffb0\">\r\n                <div class=\"s_icon\">\r\n                                            <img decoding=\"async\" src=\"https:\/\/saaslandwp.net\/wp-content\/uploads\/2019\/10\/icon_shape-1.png\" alt=\"Teenuste laiendamine\">\r\n                                                                <img decoding=\"async\" class=\"icon\" src=\"https:\/\/kordon.app\/wp-content\/uploads\/2025\/02\/expansion.svg\" alt=\"Teenuste laiendamine\">\r\n                                    <\/div>\r\n                                <h5 class=\"f_600 t_color3\">Teenuste laiendamine<\/h5>\r\n                                        <p class=\"f_size_15 mb-30\"> Kasutage Kordoni tipptasemel GRC lahendusi, et t\u00e4iendada oma olemasolevaid teenuseid ja pakkuda klientidele veelgi paremaid ja mitmek\u00fclgsemaid teenuseid. <\/p>\r\n                                <\/div>\r\n    <\/div>\r\n        <div class=\"col-lg-4 col-sm-6 wow fadeInUp\" data-wow-delay=\"0.7s\">\r\n            <div class=\"software_featured_item text-center mb_20 elementor-repeater-item-4a51ec7\">\r\n                <div class=\"s_icon\">\r\n                                            <img decoding=\"async\" src=\"https:\/\/saaslandwp.net\/wp-content\/uploads\/2019\/10\/icon_shape-1.png\" alt=\"Toetavad materjalid\">\r\n                                                                <img decoding=\"async\" class=\"icon\" src=\"https:\/\/kordon.app\/wp-content\/uploads\/2025\/02\/svgviewer-output-14.svg\" alt=\"Toetavad materjalid\">\r\n                                    <\/div>\r\n                                <h5 class=\"f_600 t_color3\">Toetavad materjalid<\/h5>\r\n                                        <p class=\"f_size_15 mb-30\"> Kordoni partnerina ei ole te \u00fcksi. Pakume koolitusi, toetavaid materjale ning turundusmaterjale, et te oleksite v\u00f5imalikult edukad. <\/p>\r\n                                <\/div>\r\n    <\/div>\r\n    <\/div>\r\n    <\/div>\r\n<\/section>\t\t\t\t<\/div>\n\t\t\t\t<\/div>\n\t\t\t\t<\/div>\n\t\t<div class=\"elementor-element elementor-element-0e30afd e-con-full e-flex e-con e-parent\" data-id=\"0e30afd\" data-element_type=\"container\" data-e-type=\"container\">\n\t\t\t\t<div class=\"elementor-element elementor-element-24999a7 elementor-widget elementor-widget-saasland_main_features\" data-id=\"24999a7\" data-element_type=\"widget\" data-e-type=\"widget\" data-settings=\"{&quot;_animation&quot;:&quot;none&quot;}\" data-widget_type=\"saasland_main_features.default\">\n\t\t\t\t<div class=\"elementor-widget-container\">\n\t\t\t\t\t<section class=\"software_featured_area\">\r\n    <div class=\"container\">\r\n                <h2 class=\"f_600 f_size_30 t_color3 text-center l_height40 mb_70 wow fadeInUp\" data-wow-delay=\"0.3s\">\r\n        Kellele Kordoni partnerlusprogramm m\u00f5eldud on?    <\/h2>\r\n            <div class=\"row software_featured_info\">\r\n                <div class=\"col-lg-4 col-sm-6 wow fadeInUp\" data-wow-delay=\"0.3s\">\r\n            <div class=\"software_featured_item text-center mb_20 elementor-repeater-item-a3ef698\">\r\n                <div class=\"s_icon\">\r\n                                            <img decoding=\"async\" src=\"https:\/\/saaslandwp.net\/wp-content\/uploads\/2019\/10\/icon_shape-1.png\" alt=\"Siduspartneritele\">\r\n                                                                <img decoding=\"async\" class=\"icon\" src=\"https:\/\/kordon.app\/wp-content\/uploads\/2025\/01\/noun-recruitment-thenounproject-littlestar23.svg\" alt=\"Siduspartneritele\">\r\n                                    <\/div>\r\n                                <h5 class=\"f_600 t_color3\">Siduspartneritele<\/h5>\r\n                                        <p class=\"f_size_15 mb-30\"> Soovitage Kordonit oma kontaktv\u00f5rgustikule ning teenige kuni 15% nende lepingu mahust.<br \/>\n<br \/>\n <\/p>\r\n                                <\/div>\r\n    <\/div>\r\n        <div class=\"col-lg-4 col-sm-6 wow fadeInUp\" data-wow-delay=\"0.5s\">\r\n            <div class=\"software_featured_item text-center mb_20 elementor-repeater-item-848ffb0\">\r\n                <div class=\"s_icon\">\r\n                                            <img decoding=\"async\" src=\"https:\/\/saaslandwp.net\/wp-content\/uploads\/2019\/10\/icon_shape-1.png\" alt=\"Edasim\u00fc\u00fcjatele\">\r\n                                                                <img decoding=\"async\" class=\"icon\" src=\"https:\/\/kordon.app\/wp-content\/uploads\/2025\/01\/referral-thenounproject-littlestar23.svg\" alt=\"Edasim\u00fc\u00fcjatele\">\r\n                                    <\/div>\r\n                                <h5 class=\"f_600 t_color3\">Edasim\u00fc\u00fcjatele<\/h5>\r\n                                        <p class=\"f_size_15 mb-30\"> Juurutage Kordon uutes ettev\u00f5tetes ning teenige kuni 40% nende lepingu mahust. <\/p>\r\n                                <\/div>\r\n    <\/div>\r\n        <div class=\"col-lg-4 col-sm-6 wow fadeInUp\" data-wow-delay=\"0.7s\">\r\n            <div class=\"software_featured_item text-center mb_20 elementor-repeater-item-4a51ec7\">\r\n                <div class=\"s_icon\">\r\n                                            <img decoding=\"async\" src=\"https:\/\/saaslandwp.net\/wp-content\/uploads\/2019\/10\/icon_shape-1.png\" alt=\"Teenuspakkujatele\">\r\n                                                                <img decoding=\"async\" class=\"icon\" src=\"https:\/\/kordon.app\/wp-content\/uploads\/2025\/01\/noun-employment-7276686-thenountproject-littlestar23.svg\" alt=\"Teenuspakkujatele\">\r\n                                    <\/div>\r\n                                <h5 class=\"f_600 t_color3\">Teenuspakkujatele<\/h5>\r\n                                        <p class=\"f_size_15 mb-30\"> Integreerige Kordon enda teenusesse ning teenige kuni 40% klientide lepingu mahust. <\/p>\r\n                                <\/div>\r\n    <\/div>\r\n    <\/div>\r\n    <\/div>\r\n<\/section>\t\t\t\t<\/div>\n\t\t\t\t<\/div>\n\t\t\t\t<\/div>\n\t\t<div class=\"elementor-element elementor-element-9bec5a6 e-flex e-con-boxed e-con e-parent\" data-id=\"9bec5a6\" data-element_type=\"container\" data-e-type=\"container\">\n\t\t\t\t\t<div class=\"e-con-inner\">\n\t\t\t\t<div class=\"elementor-element elementor-element-41eff82 elementor-align-center ub-btn-icon-none elementor-widget elementor-widget-saasland_button\" data-id=\"41eff82\" data-element_type=\"widget\" data-e-type=\"widget\" data-widget_type=\"saasland_button.default\">\n\t\t\t\t<div class=\"elementor-widget-container\">\n\t\t\t\t\t            <a class=\"ub-btn elementor-button elementor-button-link elementor-size-sm ub-animation-pulse\" href=\"\/et\/join-kordons-partnership-program\/\" role=\"button\">\r\n                \r\n        <span class=\"elementor-button-content-wrapper\">\r\n            <span class=\"elementor-button-icon elementor-align-icon-right\">\r\n                            <\/span>\r\n            <span class=\"elementor-button-text\">\r\n                Talk to our team to get started            <\/span>\r\n\t\t<\/span>\r\n                    <\/a>\r\n                        <script>\r\n                jQuery(document).ready(function () {\r\n                    jQuery('.ub-btn-icon-none .ub-btn').hover( function () {\r\n                        jQuery('.ub-btn-icon-none .ub-btn i').css('animation', 'none 0.9s')}, function () {\r\n                        jQuery('.ub-btn-icon-none .ub-btn i').css('animation', 'none')\r\n                    })\r\n                })\r\n            <\/script>\r\n            \t\t\t\t<\/div>\n\t\t\t\t<\/div>\n\t\t\t\t\t<\/div>\n\t\t\t\t<\/div>\n\t\t<div class=\"elementor-element elementor-element-19322ce e-flex e-con-boxed e-con e-parent\" data-id=\"19322ce\" data-element_type=\"container\" data-e-type=\"container\">\n\t\t\t\t\t<div class=\"e-con-inner\">\n\t\t<div class=\"elementor-element elementor-element-115a40a e-con-full e-flex e-con e-child\" data-id=\"115a40a\" data-element_type=\"container\" data-e-type=\"container\">\n\t\t\t\t<div class=\"elementor-element elementor-element-711f954 elementor-widget elementor-widget-heading\" data-id=\"711f954\" data-element_type=\"widget\" data-e-type=\"widget\" data-widget_type=\"heading.default\">\n\t\t\t\t<div class=\"elementor-widget-container\">\n\t\t\t\t\t<h3 class=\"elementor-heading-title elementor-size-default\">Meie partnerid<\/h3>\t\t\t\t<\/div>\n\t\t\t\t<\/div>\n\t\t<div class=\"elementor-element elementor-element-3b6362b e-con-full e-flex e-con e-child\" data-id=\"3b6362b\" data-element_type=\"container\" data-e-type=\"container\">\n\t\t\t\t<div class=\"elementor-element elementor-element-80ff519 elementor-widget elementor-widget-image\" data-id=\"80ff519\" data-element_type=\"widget\" data-e-type=\"widget\" data-widget_type=\"image.default\">\n\t\t\t\t<div class=\"elementor-widget-container\">\n\t\t\t\t\t\t\t\t\t\t\t\t\t\t\t<img decoding=\"async\" src=\"https:\/\/kordon.app\/wp-content\/uploads\/elementor\/thumbs\/neverhack-r1ajims01l3kawxevlw3ae448cbenimud07qg1v4vu.png\" title=\"Neverhack logo\" alt=\"Neverhack logo\" loading=\"lazy\" \/>\t\t\t\t\t\t\t\t\t\t\t\t\t\t\t<\/div>\n\t\t\t\t<\/div>\n\t\t\t\t<div class=\"elementor-element elementor-element-7538b39 elementor-widget elementor-widget-image\" data-id=\"7538b39\" data-element_type=\"widget\" data-e-type=\"widget\" data-widget_type=\"image.default\">\n\t\t\t\t<div class=\"elementor-widget-container\">\n\t\t\t\t\t\t\t\t\t\t\t\t\t\t\t<img decoding=\"async\" src=\"https:\/\/kordon.app\/wp-content\/uploads\/2025\/02\/Logo-Insight-Assurance-svg.svg\" title=\"Logo-Insight-Assurance-svg\" alt=\"Insight Assurance Logo\" loading=\"lazy\" \/>\t\t\t\t\t\t\t\t\t\t\t\t\t\t\t<\/div>\n\t\t\t\t<\/div>\n\t\t\t\t<div class=\"elementor-element elementor-element-681fed3 elementor-widget elementor-widget-image\" data-id=\"681fed3\" data-element_type=\"widget\" data-e-type=\"widget\" data-widget_type=\"image.default\">\n\t\t\t\t<div class=\"elementor-widget-container\">\n\t\t\t\t\t\t\t\t\t\t\t\t\t\t\t<img decoding=\"async\" src=\"https:\/\/kordon.app\/wp-content\/uploads\/elementor\/thumbs\/TSI_logo_ENG_RGB-1-r1aj9t2hxezns2ksbi4z48jyo7iegk051h0d2371ts.png\" title=\"TSI_logo_ENG_RGB\" alt=\"TSI_logo_ENG_RGB\" loading=\"lazy\" \/>\t\t\t\t\t\t\t\t\t\t\t\t\t\t\t<\/div>\n\t\t\t\t<\/div>\n\t\t\t\t<div class=\"elementor-element elementor-element-7d5b0ec elementor-widget elementor-widget-image\" data-id=\"7d5b0ec\" data-element_type=\"widget\" data-e-type=\"widget\" data-widget_type=\"image.default\">\n\t\t\t\t<div class=\"elementor-widget-container\">\n\t\t\t\t\t\t\t\t\t\t\t\t\t\t\t<img decoding=\"async\" src=\"https:\/\/kordon.app\/wp-content\/uploads\/elementor\/thumbs\/StackAware-4-color-logo-r1aj9fwr9qhn9j3wgcg75bvictb9gsjwbnvkc7qk8w.png\" title=\"StackAware 4 color logo\" alt=\"StackAware logo\" loading=\"lazy\" \/>\t\t\t\t\t\t\t\t\t\t\t\t\t\t\t<\/div>\n\t\t\t\t<\/div>\n\t\t\t\t<div class=\"elementor-element elementor-element-0651b22 elementor-widget elementor-widget-image\" data-id=\"0651b22\" data-element_type=\"widget\" data-e-type=\"widget\" data-widget_type=\"image.default\">\n\t\t\t\t<div class=\"elementor-widget-container\">\n\t\t\t\t\t\t\t\t\t\t\t\t\t\t\t<img decoding=\"async\" src=\"https:\/\/kordon.app\/wp-content\/uploads\/elementor\/thumbs\/render-compliance-logo-r0wlw0n6g86te2wjevscejer0qmk3ql93b40tjsr9c.avif\" title=\"render-compliance-logo\" alt=\"Render Compliance\" loading=\"lazy\" \/>\t\t\t\t\t\t\t\t\t\t\t\t\t\t\t<\/div>\n\t\t\t\t<\/div>\n\t\t\t\t<div class=\"elementor-element elementor-element-ad622e4 elementor-widget elementor-widget-image\" data-id=\"ad622e4\" data-element_type=\"widget\" data-e-type=\"widget\" data-widget_type=\"image.default\">\n\t\t\t\t<div class=\"elementor-widget-container\">\n\t\t\t\t\t\t\t\t\t\t\t\t\t\t\t<img decoding=\"async\" src=\"https:\/\/kordon.app\/wp-content\/uploads\/2025\/02\/Logo-Insight-Assurance-svg.svg\" title=\"Logo-Insight-Assurance-svg\" alt=\"Insight Assurance Logo\" loading=\"lazy\" \/>\t\t\t\t\t\t\t\t\t\t\t\t\t\t\t<\/div>\n\t\t\t\t<\/div>\n\t\t\t\t<div class=\"elementor-element elementor-element-39ec19b elementor-widget elementor-widget-image\" data-id=\"39ec19b\" data-element_type=\"widget\" data-e-type=\"widget\" data-widget_type=\"image.default\">\n\t\t\t\t<div class=\"elementor-widget-container\">\n\t\t\t\t\t\t\t\t\t\t\t\t\t\t\t<img decoding=\"async\" src=\"https:\/\/kordon.app\/wp-content\/uploads\/elementor\/thumbs\/pRZcigcR38Dh9dXsr2OtCpmXAJ8-r0wm9lf962rx3b6k4r2cf42fx3pfachoaicidfo1ds.avif\" title=\"pRZcigcR38Dh9dXsr2OtCpmXAJ8\" alt=\"pRZcigcR38Dh9dXsr2OtCpmXAJ8\" loading=\"lazy\" \/>\t\t\t\t\t\t\t\t\t\t\t\t\t\t\t<\/div>\n\t\t\t\t<\/div>\n\t\t\t\t<\/div>\n\t\t\t\t<\/div>\n\t\t\t\t\t<\/div>\n\t\t\t\t<\/div>\n\t\t\t\t<\/div>","protected":false},"excerpt":{"rendered":"<p>Level up your asset management with Kordon. Connect assets to both dynamic controls and associated risks to manage, monitor and protect your assets based on the actual effectiveness of your security measures.<\/p>","protected":false},"author":1,"featured_media":0,"parent":0,"menu_order":0,"comment_status":"closed","ping_status":"closed","template":"","meta":{"footnotes":""},"class_list":["post-17220","page","type-page","status-publish","hentry","no-post-thumbnail"],"aioseo_notices":[],"_links":{"self":[{"href":"https:\/\/kordon.app\/et\/wp-json\/wp\/v2\/pages\/17220","targetHints":{"allow":["GET"]}}],"collection":[{"href":"https:\/\/kordon.app\/et\/wp-json\/wp\/v2\/pages"}],"about":[{"href":"https:\/\/kordon.app\/et\/wp-json\/wp\/v2\/types\/page"}],"author":[{"embeddable":true,"href":"https:\/\/kordon.app\/et\/wp-json\/wp\/v2\/users\/1"}],"replies":[{"embeddable":true,"href":"https:\/\/kordon.app\/et\/wp-json\/wp\/v2\/comments?post=17220"}],"version-history":[{"count":257,"href":"https:\/\/kordon.app\/et\/wp-json\/wp\/v2\/pages\/17220\/revisions"}],"predecessor-version":[{"id":21656,"href":"https:\/\/kordon.app\/et\/wp-json\/wp\/v2\/pages\/17220\/revisions\/21656"}],"wp:attachment":[{"href":"https:\/\/kordon.app\/et\/wp-json\/wp\/v2\/media?parent=17220"}],"curies":[{"name":"wp","href":"https:\/\/api.w.org\/{rel}","templated":true}]}}