{"id":18499,"date":"2025-03-28T08:09:20","date_gmt":"2025-03-28T06:09:20","guid":{"rendered":"https:\/\/kordon.app\/?page_id=18499"},"modified":"2026-02-24T16:02:23","modified_gmt":"2026-02-24T14:02:23","slug":"kordon-vs-cybsis","status":"publish","type":"page","link":"https:\/\/kordon.app\/et\/kordon-vs-cybsis\/","title":{"rendered":"Kordon vs Cybsis"},"content":{"rendered":"<div class=\"wp-block-group alignfull kc-page is-layout-flow wp-block-group-is-layout-flow\">\n<div class=\"wp-block-group alignfull kc-hero is-layout-flow wp-block-group-is-layout-flow\">\n<div class=\"wp-block-group kc-container is-layout-constrained wp-container-core-group-is-layout-b19b8825 wp-block-group-is-layout-constrained\">\n<p class=\"has-text-align-center kc-hero-badge has-small-font-size\"> <\/p>\n\n\n\n<h1 class=\"wp-block-heading has-text-align-center\">Kordon vs. Cybsis<\/h1>\n\n\n\n<p class=\"has-text-align-center\">V\u00f5rrelge, kuidas Kordon ja Cybsis toimivad E-ITS-i, ISO 27001 ja teiste raamistikute haldamisel.<\/p>\n\n\n\n<div class=\"wp-block-group kc-vs-row is-content-justification-center is-nowrap is-layout-flex wp-container-core-group-is-layout-94bc23d7 wp-block-group-is-layout-flex\">\n<div class=\"wp-block-group kc-vs-chip kc-winner is-layout-constrained wp-block-group-is-layout-constrained\">\n<p class=\"has-small-font-size\">Kordon<\/p>\n\n\n\n<p class=\"has-link-color has-medium-font-size wp-elements-6005e1c48f2766ae7c9eaa554d389120\"><strong>GRC platvorm<\/strong><\/p>\n<\/div>\n\n\n\n<p class=\"kc-vs-divider\">VS<\/p>\n\n\n\n<div class=\"wp-block-group kc-vs-chip is-layout-constrained wp-block-group-is-layout-constrained\">\n<p class=\"has-small-font-size\">Konkurent<\/p>\n\n\n\n<p class=\"has-medium-font-size\"><strong>Cybsis<\/strong><\/p>\n<\/div>\n<\/div>\n<\/div>\n<\/div>\n\n\n\n<div class=\"wp-block-group alignfull kc-section is-layout-flow wp-block-group-is-layout-flow\">\n<div class=\"wp-block-group kc-container is-layout-constrained wp-container-core-group-is-layout-b19b8825 wp-block-group-is-layout-constrained\">\n<div class=\"wp-block-group kc-section-header is-layout-flow wp-block-group-is-layout-flow\">\n<p class=\"has-text-align-center kc-pill has-small-font-size\">\u00dclevaade<\/p>\n\n\n\n<h2 class=\"wp-block-heading has-text-align-center\">Kaks erinevat l\u00e4henemist infoturbele<\/h2>\n\n\n\n<p class=\"has-text-align-center\">M\u00f5lemad lahendused tegelevad infoturbega, kuid erinevad oluliselt oma haardeulatuse, s\u00fcvitsi mineku ja pikaajalise kasu poolest.<\/p>\n<\/div>\n\n\n\n<div class=\"wp-block-group kc-overview-grid is-layout-flow wp-block-group-is-layout-flow\">\n<div class=\"wp-block-columns kc-overview-row is-layout-flex wp-container-core-columns-is-layout-9d6595d7 wp-block-columns-is-layout-flex\">\n<div class=\"wp-block-column kc-overview-card kc-kordon is-layout-flow wp-block-column-is-layout-flow\">\n<p class=\"kc-card-product has-small-font-size\">Kordon<\/p>\n\n\n\n<h3 class=\"wp-block-heading\">Terviklahendus<\/h3>\n\n\n\n<p>Kordon on terviklik GRC platvorm, mis \u00fchendab ja koordineerib turvalisuse, vastavuse ja riskide haldamise \u00fcheks sujuvaks tervikuks.<\/p>\n<\/div>\n\n\n\n<div class=\"wp-block-column kc-overview-card kc-competitor is-layout-flow wp-block-column-is-layout-flow\">\n<p class=\"kc-card-product has-small-font-size\">Cybsis<\/p>\n\n\n\n<h3 class=\"wp-block-heading\">Keskendub vaid dokumentatsioonile<\/h3>\n\n\n\n<p>Cybsis on eelk\u00f5ige vastavusdokumentatsiooni t\u00f6\u00f6riist, mis eeldab, et vastavusprotsesside juhtimine toimub mujal.<\/p>\n<\/div>\n<\/div>\n\n\n\n<div class=\"wp-block-columns kc-overview-row is-layout-flex wp-container-core-columns-is-layout-9d6595d7 wp-block-columns-is-layout-flex\">\n<div class=\"wp-block-column kc-overview-card kc-kordon is-layout-flow wp-block-column-is-layout-flow\">\n<p class=\"kc-card-product has-small-font-size\">Kordon<\/p>\n\n\n\n<h3 class=\"wp-block-heading\">K\u00f5ik-\u00fches lahendus<\/h3>\n\n\n\n<p>Kordon covers the full life-cycle: business processes, asset management, vendor risks, security controls, evidence collection, and more.<\/p>\n<\/div>\n\n\n\n<div class=\"wp-block-column kc-overview-card kc-competitor is-layout-flow wp-block-column-is-layout-flow\">\n<p class=\"kc-card-product has-small-font-size\">Cybsis<\/p>\n\n\n\n<h3 class=\"wp-block-heading\">\u00dcks pusle t\u00fckk<\/h3>\n\n\n\n<p>Cybsiselt puuduvad riskihaldus, tarnijate haldamine, \u00fclesannete haldamine ja mitme raamistiku tugi, mist\u00f5ttu ei ole see t\u00e4nap\u00e4evaste turvatiimide jaoks terviklik lahendus.<\/p>\n<\/div>\n<\/div>\n\n\n\n<div class=\"wp-block-columns kc-overview-row is-layout-flex wp-container-core-columns-is-layout-9d6595d7 wp-block-columns-is-layout-flex\">\n<div class=\"wp-block-column kc-overview-card kc-kordon is-layout-flow wp-block-column-is-layout-flow\">\n<p class=\"kc-card-product has-small-font-size\">Kordon<\/p>\n\n\n\n<h3 class=\"wp-block-heading\">Kordon areneb pidevalt edasi<\/h3>\n\n\n\n<p>Kordon uueneb iga kuu. 2024. aastal lausa 14 uut versiooni.<\/p>\n<\/div>\n\n\n\n<div class=\"wp-block-column kc-overview-card kc-competitor is-layout-flow wp-block-column-is-layout-flow\">\n<p class=\"kc-card-product has-small-font-size\">Cybsis<\/p>\n\n\n\n<h3 class=\"wp-block-heading\">Aeglasem arengutempo<\/h3>\n\n\n\n<p>Cybsis ei ole 2024. aastal \u00fchestki uuest funktsionaalsuest m\u00e4rku andnud.<\/p>\n<\/div>\n<\/div>\n\n\n\n<div class=\"wp-block-columns kc-overview-row is-layout-flex wp-container-core-columns-is-layout-9d6595d7 wp-block-columns-is-layout-flex\">\n<div class=\"wp-block-column kc-overview-card kc-kordon is-layout-flow wp-block-column-is-layout-flow\">\n<p class=\"kc-card-product has-small-font-size\">Kordon<\/p>\n\n\n\n<h3 class=\"wp-block-heading\">Meie ainus prioriteet<\/h3>\n\n\n\n<p>Kordoni missioon on muuta infoturbe haldamine nii lihtsaks, et k\u00f5ik lihtsalt teeksid seda (ilma suurema vaevata). Meie kogu fookus ja t\u00e4helepanu on ainult sellel missioonil.<\/p>\n<\/div>\n\n\n\n<div class=\"wp-block-column kc-overview-card kc-competitor is-layout-flow wp-block-column-is-layout-flow\">\n<p class=\"kc-card-product has-small-font-size\">Cybsis<\/p>\n\n\n\n<h3 class=\"wp-block-heading\">\u00dcks paljudest toodetest<\/h3>\n\n\n\n<p>Cybsis on ettev\u00f5tte RaulWalter jaoks \u00fcks paljudest teenustest. GRC ei ole nende peamine fookus.<\/p>\n<\/div>\n<\/div>\n<\/div>\n<\/div>\n<\/div>\n\n\n\n<div class=\"wp-block-group alignfull kc-section kc-section-alt is-layout-flow wp-block-group-is-layout-flow\">\n<div class=\"wp-block-group kc-container is-layout-constrained wp-container-core-group-is-layout-b19b8825 wp-block-group-is-layout-constrained\">\n<div class=\"wp-block-group kc-section-header is-layout-flow wp-block-group-is-layout-flow\">\n<p class=\"has-text-align-center kc-pill has-small-font-size\">Funktsionaalsuste v\u00f5rdlus<\/p>\n\n\n\n<h2 class=\"wp-block-heading has-text-align-center\">Funktsionaalsuse \u00fcks-\u00fchele v\u00f5rdlus<\/h2>\n\n\n\n<p class=\"has-text-align-center\">Terviklik pilt m\u00f5lema rakenduse funktsionaalsusest<\/p>\n<\/div>\n\n\n\n<figure class=\"wp-block-table kc-table-wrap\"><table><thead><tr><th>Funktsionaalsus<\/th><th>Kordon<\/th><th>Cybsis<\/th><\/tr><\/thead><tbody><tr><td>Raamistikud<\/td><td><\/td><td><\/td><\/tr><tr><td>Eesti Infoturbestandard<\/td><td>\u2713<\/td><td>\u2713<\/td><\/tr><tr><td>ISO 27001, ISO 9001, ISO 14001 &amp; other frameworks<\/td><td>\u2713<\/td><td><\/td><\/tr><tr><td>Kasutaja loodud raamistikud<\/td><td>\u2713<\/td><td><\/td><\/tr><tr><td>Funktsionaalsus<\/td><td><\/td><td><\/td><\/tr><tr><td>N\u00f5uete haldus<\/td><td>\u2713<\/td><td>\u2713<\/td><\/tr><tr><td>Poliitikate ja dokumentatsiooni haldus<\/td><td>\u2713<\/td><td><\/td><\/tr><tr><td>\u00c4riprotsesside haldus<\/td><td>\u2713<\/td><td><\/td><\/tr><tr><td>Riskijuhtimine<\/td><td>\u2713<\/td><td><\/td><\/tr><tr><td>Leidude haldus<\/td><td>\u2713<\/td><td><\/td><\/tr><tr><td>Automeeritud asit\u00f5endite kogumine<\/td><td>\u2713<\/td><td><\/td><\/tr><tr><td>Audiitori vaade<\/td><td>\u2713<\/td><td>\u2713<\/td><\/tr><tr><td>Varade haldus<\/td><td>\u2713<\/td><td>\u2713<\/td><\/tr><tr><td>Teenusepakkujate haldus<\/td><td>\u2713<\/td><td><\/td><\/tr><tr><td>T\u00f6\u00f6\u00fclesannete haldus<\/td><td>\u2713<\/td><td><\/td><\/tr><tr><td>Platvorm &amp; integratsioonid<\/td><td><\/td><td><\/td><\/tr><tr><td>SSO &amp; SCIM tugi<\/td><td>\u2713<\/td><td><\/td><\/tr><tr><td>REST API ja integratsioonid<\/td><td>\u2713<\/td><td><\/td><\/tr><tr><td>n8n integratsioon<\/td><td>\u2713<\/td><td><\/td><\/tr><tr><td>E-maili teavitused<\/td><td>\u2713<\/td><td><\/td><\/tr><tr><td>Pilvelahendus<\/td><td>\u2713<\/td><td><\/td><\/tr><tr><td>Paigaldus kliendi taristusse<\/td><td>\u2713<\/td><td><\/td><\/tr><\/tbody><\/table><\/figure>\n\n<\/div>\n\n\n\n<div class=\"wp-block-group alignfull kc-disclaimer is-layout-flow wp-block-group-is-layout-flow\">\n<div class=\"wp-block-group kc-container is-layout-constrained wp-container-core-group-is-layout-b19b8825 wp-block-group-is-layout-constrained\">\n<p class=\"has-text-align-center\">Sellel lehel esitatud konkurentsi puudutavad andmed on kogutud 24 veebruar 2026 ning neid v\u00f5idakse muuta v\u00f5i uuendada. Kordon ei garanteeri sellel lehel oleva teabe t\u00e4ielikkust ega t\u00e4psust.<\/p>\n<\/div>\n<\/div>\n<\/div>","protected":false},"excerpt":{"rendered":"<p>Comparison between Kordon and Cybsis for information security management. <\/p>","protected":false},"author":1,"featured_media":17853,"parent":0,"menu_order":0,"comment_status":"closed","ping_status":"closed","template":"page-competitor-comparison.php","meta":{"footnotes":""},"class_list":["post-18499","page","type-page","status-publish","has-post-thumbnail","hentry"],"aioseo_notices":[],"_links":{"self":[{"href":"https:\/\/kordon.app\/et\/wp-json\/wp\/v2\/pages\/18499","targetHints":{"allow":["GET"]}}],"collection":[{"href":"https:\/\/kordon.app\/et\/wp-json\/wp\/v2\/pages"}],"about":[{"href":"https:\/\/kordon.app\/et\/wp-json\/wp\/v2\/types\/page"}],"author":[{"embeddable":true,"href":"https:\/\/kordon.app\/et\/wp-json\/wp\/v2\/users\/1"}],"replies":[{"embeddable":true,"href":"https:\/\/kordon.app\/et\/wp-json\/wp\/v2\/comments?post=18499"}],"version-history":[{"count":282,"href":"https:\/\/kordon.app\/et\/wp-json\/wp\/v2\/pages\/18499\/revisions"}],"predecessor-version":[{"id":21664,"href":"https:\/\/kordon.app\/et\/wp-json\/wp\/v2\/pages\/18499\/revisions\/21664"}],"wp:featuredmedia":[{"embeddable":true,"href":"https:\/\/kordon.app\/et\/wp-json\/wp\/v2\/media\/17853"}],"wp:attachment":[{"href":"https:\/\/kordon.app\/et\/wp-json\/wp\/v2\/media?parent=18499"}],"curies":[{"name":"wp","href":"https:\/\/api.w.org\/{rel}","templated":true}]}}